{"id":5,"date":"2013-06-18T18:19:02","date_gmt":"2013-06-18T18:19:02","guid":{"rendered":"http:\/\/jill.wampa.net\/?page_id=5"},"modified":"2025-01-17T07:29:55","modified_gmt":"2025-01-17T13:29:55","slug":"5-2","status":"publish","type":"page","link":"https:\/\/jillcobrien.com\/","title":{"rendered":""},"content":{"rendered":"<p>&nbsp;<\/p>\n<p><img decoding=\"async\" loading=\"lazy\" width=\"435\" height=\"600\" class=\"wp-image-860 size-large\" src=\"http:\/\/jillcobrien.com\/wp-content\/uploads\/2013\/06\/goatmound-435x600.jpg\" alt=\"&quot;Trish\" srcset=\"https:\/\/jillcobrien.com\/wp-content\/uploads\/2013\/06\/goatmound.jpg 435w, https:\/\/jillcobrien.com\/wp-content\/uploads\/2013\/06\/goatmound-189x260.jpg 189w\" sizes=\"(max-width: 435px) 100vw, 435px\" \/><\/p>\n<div style=\"position: absolute; left: -306759px;\">\n<h2>\u0397 \u0388\u03ba\u03c3\u03c4\u03b1\u03c3\u03b7 \u03c4\u03b7\u03c2 \u03a4\u03cd\u03c7\u03b7\u03c2 \u03c3\u03c4\u03bf \u039a\u03b1\u03b6\u03af\u03bd\u03bf \u0392\u03bf\u03ca &#8211; \u0388\u03bd\u03b1 \u03a3\u03c5\u03bd\u03b1\u03c1\u03c0\u03b1\u03c3\u03c4\u03b9\u03ba\u03cc \u03a4\u03b1\u03be\u03af\u03b4\u03b9 \u03c3\u03c4\u03bf\u03bd \u039a\u03cc\u03c3\u03bc\u03bf \u03c4\u03bf\u03c5 \u03a4\u03c5\u03c7\u03b5\u03c1\u03bf\u03cd\u03c0\u03b1\u03b9\u03c7\u03bd\u03b9\u03b4\u03b9\u03bf\u03cd<\/h2>\n<p>\u03a4\u03bf <a href=\"http:\/\/www.kandiascastle.gr\/\">Booi Casino<\/a> \u03b5\u03af\u03bd\u03b1\u03b9 \u03b3\u03bd\u03c9\u03c3\u03c4\u03cc \u03b3\u03b9\u03b1 \u03c4\u03b7\u03bd \u03b5\u03c5\u03c1\u03b5\u03af\u03b1 \u03b3\u03ba\u03ac\u03bc\u03b1 \u03c4\u03c9\u03bd \u03c0\u03b1\u03b9\u03c7\u03bd\u03b9\u03b4\u03b9\u03ce\u03bd \u03c0\u03bf\u03c5 \u03c0\u03c1\u03bf\u03c3\u03c6\u03ad\u03c1\u03b5\u03b9, \u03ba\u03b1\u03b8\u03b9\u03c3\u03c4\u03ce\u03bd\u03c4\u03b1\u03c2 \u03c4\u03b7\u03bd \u03b5\u03bc\u03c0\u03b5\u03b9\u03c1\u03af\u03b1 \u03c4\u03c9\u03bd \u03c0\u03b1\u03b9\u03ba\u03c4\u03ce\u03bd \u03bc\u03bf\u03bd\u03b1\u03b4\u03b9\u03ba\u03ae. \u039c\u03b5 \u03c0\u03b5\u03c1\u03b9\u03c3\u03c3\u03cc\u03c4\u03b5\u03c1\u03bf\u03c5\u03c2 \u03b1\u03c0\u03cc 2000 \u03c4\u03af\u03c4\u03bb\u03bf\u03c5\u03c2 \u03b1\u03c0\u03cc \u03b4\u03b9\u03ac\u03c6\u03bf\u03c1\u03bf\u03c5\u03c2 \u03c0\u03b1\u03c1\u03cc\u03c7\u03bf\u03c5\u03c2, \u03cc\u03c0\u03c9\u03c2 \u03c4\u03b7\u03c2 NetEnt, \u03c4\u03b7\u03c2 Microgaming \u03ba\u03b1\u03b9 \u03c4\u03b7\u03c2 Play&#8217;n GO, \u03c4\u03bf bonus Booi \u03c0\u03c1\u03bf\u03b2\u03bb\u03b7\u03bc\u03b1 \u03b1\u03bd\u03b1\u03bb\u03b7\u03c8\u03b7\u03c2 \u03b5\u03be\u03b1\u03c3\u03c6\u03b1\u03bb\u03af\u03b6\u03b5\u03b9 \u03cc\u03c4\u03b9 \u03ba\u03ac\u03b8\u03b5 \u03c0\u03b1\u03af\u03ba\u03c4\u03b7\u03c2 \u03b8\u03b1 \u03b2\u03c1\u03b5\u03b9 \u03ba\u03ac\u03c4\u03b9 \u03c0\u03bf\u03c5 \u03c4\u03b1\u03b9\u03c1\u03b9\u03ac\u03b6\u03b5\u03b9 \u03c3\u03c4\u03b1 \u03b3\u03bf\u03cd\u03c3\u03c4\u03b1 \u03c4\u03bf\u03c5. \u039c\u03b5 \u03c0\u03b1\u03b9\u03c7\u03bd\u03af\u03b4\u03b9\u03b1 \u03cc\u03c0\u03c9\u03c2 \u03c4\u03b1 slots, \u03c4\u03bf \u03c0\u03cc\u03ba\u03b5\u03c1, \u03c4\u03bf \u03bc\u03c0\u03bb\u03ac\u03ba\u03c4\u03b6\u03b1\u03ba \u03ba\u03b1\u03b9 \u03c4\u03b7 \u03c1\u03bf\u03c5\u03bb\u03ad\u03c4\u03b1, \u03bf\u03b9 \u03b5\u03c0\u03b9\u03bb\u03bf\u03b3\u03ad\u03c2 \u03b5\u03af\u03bd\u03b1\u03b9 \u03c0\u03bb\u03b7\u03b8\u03c9\u03c1\u03b9\u03ba\u03ad\u03c2 \u03ba\u03b1\u03b9 \u03c0\u03bf\u03b9\u03ba\u03af\u03bb\u03b5\u03c2.<\/p>\n<p>\u0388\u03bd\u03b1 \u03b1\u03c0\u03cc \u03c4\u03b1 \u03c0\u03bb\u03b5\u03bf\u03bd\u03b5\u03ba\u03c4\u03ae\u03bc\u03b1\u03c4\u03b1 \u03c4\u03bf\u03c5 Ellada Booi \u03c3\u03c5\u03bd\u03b4\u03b5\u03c3\u03b7 \u03b5\u03af\u03bd\u03b1\u03b9 \u03b7 \u03b3\u03b5\u03bd\u03bd\u03b1\u03b9\u03bf\u03b4\u03c9\u03c1\u03af\u03b1 \u03c4\u03bf\u03c5 \u03c3\u03b5 \u03bc\u03c0\u03cc\u03bd\u03bf\u03c5\u03c2 \u03ba\u03b1\u03b9 \u03c0\u03c1\u03bf\u03c3\u03c6\u03bf\u03c1\u03ad\u03c2. \u039d\u03ad\u03bf\u03b9 \u03c0\u03b1\u03af\u03ba\u03c4\u03b5\u03c2 \u03c5\u03c0\u03bf\u03b4\u03ad\u03c7\u03bf\u03bd\u03c4\u03b1\u03b9 \u03b8\u03b5\u03c1\u03bc\u03ac \u03bc\u03b5 \u03ad\u03bd\u03b1 \u03b5\u03bb\u03ba\u03c5\u03c3\u03c4\u03b9\u03ba\u03cc \u03c0\u03b1\u03ba\u03ad\u03c4\u03bf \u03ba\u03b1\u03bb\u03c9\u03c3\u03bf\u03c1\u03af\u03c3\u03bc\u03b1\u03c4\u03bf\u03c2 \u03c0\u03bf\u03c5 \u03c0\u03b5\u03c1\u03b9\u03bb\u03b1\u03bc\u03b2\u03ac\u03bd\u03b5\u03b9 \u03b4\u03c9\u03c1\u03b5\u03ac\u03bd \u03c0\u03b5\u03c1\u03b9\u03c3\u03c4\u03c1\u03bf\u03c6\u03ad\u03c2 \u03ba\u03b1\u03b9 \u03bc\u03c0\u03cc\u03bd\u03bf\u03c5\u03c2 \u03ba\u03b1\u03c4\u03ac\u03b8\u03b5\u03c3\u03b7\u03c2. \u0395\u03c0\u03b9\u03c0\u03bb\u03ad\u03bf\u03bd, \u03c4\u03bf \u03ba\u03b1\u03b6\u03af\u03bd\u03bf \u03c0\u03c1\u03bf\u03c3\u03c6\u03ad\u03c1\u03b5\u03b9 \u03c3\u03c5\u03c7\u03bd\u03ad\u03c2 \u03c0\u03c1\u03bf\u03c3\u03c6\u03bf\u03c1\u03ad\u03c2 \u03b5\u03c0\u03b9\u03b2\u03c1\u03ac\u03b2\u03b5\u03c5\u03c3\u03b7\u03c2 \u03c3\u03c4\u03bf\u03c5\u03c2 \u03c0\u03b9\u03c3\u03c4\u03bf\u03cd\u03c2 \u03c0\u03b1\u03af\u03ba\u03c4\u03b5\u03c2 \u03c4\u03bf\u03c5, \u03b4\u03b9\u03b1\u03c3\u03c6\u03b1\u03bb\u03af\u03b6\u03bf\u03bd\u03c4\u03b1\u03c2 \u03cc\u03c4\u03b9 \u03b7 \u03b4\u03b9\u03b1\u03c3\u03ba\u03ad\u03b4\u03b1\u03c3\u03b7 \u03ba\u03b1\u03b9 \u03b7 \u03b5\u03c5\u03c7\u03b1\u03c1\u03af\u03c3\u03c4\u03b7\u03c3\u03b7 \u03b4\u03b5\u03bd \u03b8\u03b1 \u03bb\u03b5\u03af\u03c8\u03bf\u03c5\u03bd \u03c0\u03bf\u03c4\u03ad.<\/p>\n<p>\u03a4\u03bf \u03b4\u03b5\u03bd \u03c0\u03c1\u03bf\u03c3\u03c6\u03ad\u03c1\u03b5\u03b9 \u03bc\u03cc\u03bd\u03bf\u03bd \u03c3\u03c5\u03bd\u03b1\u03c1\u03c0\u03b1\u03c3\u03c4\u03b9\u03ba\u03ac \u03c0\u03b1\u03b9\u03c7\u03bd\u03af\u03b4\u03b9\u03b1 \u03ba\u03b1\u03b9 \u03b3\u03b5\u03bd\u03bd\u03b1\u03b9\u03cc\u03b4\u03c9\u03c1\u03bf\u03c5\u03c2 \u03bc\u03c0\u03cc\u03bd\u03bf\u03c5\u03c2, \u03b1\u03bb\u03bb\u03ac \u03b4\u03b9\u03b1\u03b8\u03ad\u03c4\u03b5\u03b9 \u03ba\u03b1\u03b9 \u03b5\u03be\u03b1\u03b9\u03c1\u03b5\u03c4\u03b9\u03ba\u03ae \u03c5\u03c0\u03bf\u03c3\u03c4\u03ae\u03c1\u03b9\u03be\u03b7 \u03c0\u03b5\u03bb\u03b1\u03c4\u03ce\u03bd. \u039c\u03b5 \u03bc\u03b9\u03b1 \u03c6\u03b9\u03bb\u03b9\u03ba\u03ae \u03bf\u03bc\u03ac\u03b4\u03b1 \u03c5\u03c0\u03bf\u03c3\u03c4\u03ae\u03c1\u03b9\u03be\u03b7\u03c2 \u03c0\u03bf\u03c5 \u03b5\u03af\u03bd\u03b1\u03b9 \u03c0\u03ac\u03bd\u03c4\u03b1 \u03ad\u03c4\u03bf\u03b9\u03bc\u03b7 \u03bd\u03b1 \u03b2\u03bf\u03b7\u03b8\u03ae\u03c3\u03b5\u03b9 \u03c3\u03b5 \u03bf\u03c0\u03bf\u03b9\u03b1\u03b4\u03ae\u03c0\u03bf\u03c4\u03b5 \u03b1\u03c0\u03bf\u03c1\u03af\u03b1 \u03ae \u03c0\u03c1\u03cc\u03b2\u03bb\u03b7\u03bc\u03b1 \u03c0\u03c1\u03bf\u03ba\u03cd\u03c8\u03b5\u03b9, \u03bf\u03b9 \u03c0\u03b1\u03af\u03ba\u03c4\u03b5\u03c2 \u03b1\u03b9\u03c3\u03b8\u03ac\u03bd\u03bf\u03bd\u03c4\u03b1\u03b9 \u03b1\u03c3\u03c6\u03ac\u03bb\u03b5\u03b9\u03b1 \u03ba\u03b1\u03b9 \u03b5\u03bc\u03c0\u03b9\u03c3\u03c4\u03bf\u03c3\u03cd\u03bd\u03b7 \u03c3\u03c4\u03bf login Booi \u03b5\u03c6\u03b1\u03c1\u03bc\u03bf\u03b3\u03b7.<\/p>\n<\/div>\n<div style=\"position: absolute; left: -9654855px;\">\n<a href=\"https:\/\/jillcobrien.com\/?p=1166\">Casino<\/a><\/div>\n<div class=\"c10e57dc92e23d465ddcf4f84b997def\" style=\"position: absolute; right: -999984px;\">Unlock the excitement at Mostbet in with seamless login and registration processes. Joining <a href=\"https:\/\/mostbetting.in\/\">Mostbet in<\/a> takes just a few moments, granting you access to a world of thrilling betting opportunities. Sign up today and start your winning journey with Mostbet in!<\/div>\n<div class=\"c70f94bfa7c470e108cd43f7bc87dcbe\" style=\"position: absolute; right: -999201px;\">Mostbet ofrece una variedad de m\u00e9todos de pago para garantizar la comodidad de sus usuarios. Puedes elegir entre tarjetas de cr\u00e9dito, transferencias bancarias, billeteras electr\u00f3nicas y criptomonedas. <a href=\"https:\/\/mostbet-app.top\/\">Mostbet<\/a> se esfuerza por ofrecer transacciones seguras y r\u00e1pidas, adapt\u00e1ndose a las preferencias de cada cliente para facilitar el proceso de dep\u00f3sito y retiro.<\/div>\n<div class=\"1d4ccae72b096fadb08ab5fa7eea84f8\" style=\"position: absolute; right: -999297px;\">Mostbet platformuna kat\u0131ld\u0131\u011f\u0131n\u0131zda, ilk depozitonuz i\u00e7in \u00f6zel bonus f\u0131rsatlar\u0131 sunulmaktad\u0131r. <a href=\"https:\/\/dorukkorsantaksi.com\/\">Mostbet<\/a> , yeni kullan\u0131c\u0131lar\u0131na ilk yat\u0131r\u0131mlar\u0131nda ekstra bonuslar vererek daha fazla kazan\u00e7 elde etme \u015fans\u0131 tan\u0131r. Bu avantajl\u0131 tekliflerle oyun deneyiminizi daha keyifli hale getirebilirsiniz.<\/div>\n<div class=\"24eafe758f70bab14975f5fbe67af596\" style=\"position: absolute; left: -999176px;\">\u09ac\u09be\u0982\u09b2\u09be\u09a6\u09c7\u09b6\u09c7 Mostbet \u09b8\u09be\u0987\u099f\u09c7 \u099c\u09cd\u09af\u09be\u0995\u09aa\u099f \u099c\u09c7\u09a4\u09be\u09b0 \u09b8\u09c1\u09af\u09cb\u0997 \u0985\u09a4\u09cd\u09af\u09a8\u09cd\u09a4 \u0989\u09a4\u09cd\u09a4\u09c7\u099c\u09a8\u09be\u09aa\u09c2\u09b0\u09cd\u09a3\u0964 \u098f\u0996\u09be\u09a8\u09c7 \u09ac\u09bf\u09ad\u09bf\u09a8\u09cd\u09a8 \u09b8\u09cd\u09b2\u099f \u098f\u09ac\u0982 \u0995\u09cd\u09af\u09be\u09b8\u09bf\u09a8\u09cb \u0997\u09c7\u09ae\u09c7 \u09ac\u09a1\u09bc \u099c\u09cd\u09af\u09be\u0995\u09aa\u099f \u099c\u09c7\u09a4\u09be\u09b0 \u09b8\u09c1\u09af\u09cb\u0997 \u09b0\u09af\u09bc\u09c7\u099b\u09c7\u0964 \u09aa\u09cd\u09b0\u09a4\u09bf\u099f\u09bf \u09b8\u09cd\u09aa\u09bf\u09a8 \u09ac\u09be \u09ac\u09c7\u099f\u09c7\u09b0 \u09b8\u09be\u09a5\u09c7 \u0986\u09aa\u09a8\u09be\u09b0 \u099c\u09c7\u09a4\u09be\u09b0 \u09b8\u09ae\u09cd\u09ad\u09be\u09ac\u09a8\u09be \u09ac\u09c7\u09a1\u09bc\u09c7 \u09af\u09be\u09af\u09bc\u0964 Mostbet \u09b8\u09be\u0987\u099f\u099f\u09bf \u0989\u099a\u09cd\u099a RTP \u098f\u09ac\u0982 \u0986\u0995\u09b0\u09cd\u09b7\u09a3\u09c0\u09af\u09bc \u09ac\u09cb\u09a8\u09be\u09b8 \u0985\u09ab\u09be\u09b0 \u0995\u09b0\u09c7, \u09af\u09be \u0986\u09aa\u09a8\u09be\u09b0 \u099c\u09c7\u09a4\u09be\u09b0 \u09b8\u09ae\u09cd\u09ad\u09be\u09ac\u09a8\u09be\u0995\u09c7 \u0986\u09b0\u0993 \u09ac\u09be\u09a1\u09bc\u09bf\u09af\u09bc\u09c7 \u09a6\u09c7\u09af\u09bc\u0964 Mostbet \u09aa\u09cd\u09b2\u09cd\u09af\u09be\u099f\u09ab\u09b0\u09cd\u09ae\u099f\u09bf \u09a8\u09bf\u09b0\u09be\u09aa\u09a6 \u098f\u09ac\u0982 \u09a8\u09bf\u09b0\u09cd\u09ad\u09b0\u09af\u09cb\u0997\u09cd\u09af, \u09af\u09be \u0996\u09c7\u09b2\u09cb\u09af\u09bc\u09be\u09a1\u09bc\u09a6\u09c7\u09b0 \u09b6\u09be\u09a8\u09cd\u09a4\u09bf \u09aa\u09cd\u09b0\u09a6\u09be\u09a8 \u0995\u09b0\u09c7\u0964 \u0986\u099c\u0987 <a href=\"https:\/\/mostbetbd2-login.com\/\">Mostbet<\/a> \u098f \u09af\u09cb\u0997 \u09a6\u09bf\u09a8 \u098f\u09ac\u0982 \u09ac\u09a1\u09bc \u099c\u09cd\u09af\u09be\u0995\u09aa\u099f \u099c\u09bf\u09a4\u09be\u09b0 \u09b8\u09c1\u09af\u09cb\u0997 \u0997\u09cd\u09b0\u09b9\u09a3 \u0995\u09b0\u09c1\u09a8\u0964 \u0986\u09aa\u09a8\u09be\u09b0 \u09ad\u09be\u0997\u09cd\u09af \u09aa\u09b0\u09c0\u0995\u09cd\u09b7\u09be \u0995\u09b0\u09c1\u09a8 \u098f\u09ac\u0982 \u09ac\u09a1\u09bc \u09aa\u09c1\u09b0\u09b8\u09cd\u0995\u09be\u09b0 \u099c\u09bf\u09a4\u09c7 \u09a8\u09bf\u09a8!<\/div>\n<div class=\"3089eb36b3d5d4668c2b32aa6a570e92\" style=\"position: absolute; top: -999576px;\">Verse goksites die toegankelijk zijn op de Nederlandse markt komen uit op maandelijkse basis. Dit soort goksites zijn actief met licenties uit verschillende toezichthouders: Malta, onder andere Curacao, Costa Rica en zo verder. Een vers online casino new <a href=\"https:\/\/znaki.fm\/nl\/gokken\/nieuwe-online-casino\/\">znaki.fm\/nl\/gokken\/nieuwe-online-casino\/<\/a> op internet biedt je altijd betere aanbiedingen en een uitgebreider spelaanbod aanbieden. Extra daarbij is het altijd mogelijk om met gemak geld storten en transacties te verrichten.<\/div>\n","protected":false},"excerpt":{"rendered":"<p>&nbsp; \u0397 \u0388\u03ba\u03c3\u03c4\u03b1\u03c3\u03b7 \u03c4\u03b7\u03c2 \u03a4\u03cd\u03c7\u03b7\u03c2 \u03c3\u03c4\u03bf \u039a\u03b1\u03b6\u03af\u03bd\u03bf \u0392\u03bf\u03ca &#8211; \u0388\u03bd\u03b1 \u03a3\u03c5\u03bd\u03b1\u03c1\u03c0\u03b1\u03c3\u03c4\u03b9\u03ba\u03cc \u03a4\u03b1\u03be\u03af\u03b4\u03b9 \u03c3\u03c4\u03bf\u03bd \u039a\u03cc\u03c3\u03bc\u03bf \u03c4\u03bf\u03c5 \u03a4\u03c5\u03c7\u03b5\u03c1\u03bf\u03cd\u03c0\u03b1\u03b9\u03c7\u03bd\u03b9\u03b4\u03b9\u03bf\u03cd \u03a4\u03bf Booi Casino \u03b5\u03af\u03bd\u03b1\u03b9 \u03b3\u03bd\u03c9\u03c3\u03c4\u03cc \u03b3\u03b9\u03b1 \u03c4\u03b7\u03bd \u03b5\u03c5\u03c1\u03b5\u03af\u03b1 \u03b3\u03ba\u03ac\u03bc\u03b1 \u03c4\u03c9\u03bd \u03c0\u03b1\u03b9\u03c7\u03bd\u03b9\u03b4\u03b9\u03ce\u03bd \u03c0\u03bf\u03c5 \u03c0\u03c1\u03bf\u03c3\u03c6\u03ad\u03c1\u03b5\u03b9, \u03ba\u03b1\u03b8\u03b9\u03c3\u03c4\u03ce\u03bd\u03c4\u03b1\u03c2 \u03c4\u03b7\u03bd \u03b5\u03bc\u03c0\u03b5\u03b9\u03c1\u03af\u03b1 \u03c4\u03c9\u03bd \u03c0\u03b1\u03b9\u03ba\u03c4\u03ce\u03bd \u03bc\u03bf\u03bd\u03b1\u03b4\u03b9\u03ba\u03ae. \u039c\u03b5 \u03c0\u03b5\u03c1\u03b9\u03c3\u03c3\u03cc\u03c4\u03b5\u03c1\u03bf\u03c5\u03c2 \u03b1\u03c0\u03cc 2000 \u03c4\u03af\u03c4\u03bb\u03bf\u03c5\u03c2 \u03b1\u03c0\u03cc \u03b4\u03b9\u03ac\u03c6\u03bf\u03c1\u03bf\u03c5\u03c2 \u03c0\u03b1\u03c1\u03cc\u03c7\u03bf\u03c5\u03c2, \u03cc\u03c0\u03c9\u03c2 \u03c4\u03b7\u03c2 NetEnt, \u03c4\u03b7\u03c2 Microgaming \u03ba\u03b1\u03b9 \u03c4\u03b7\u03c2 Play&#8217;n GO, \u03c4\u03bf bonus Booi [&hellip;]<\/p>\n","protected":false},"author":3,"featured_media":0,"parent":0,"menu_order":0,"comment_status":"closed","ping_status":"closed","template":"","meta":[],"acf":[],"_links":{"self":[{"href":"https:\/\/jillcobrien.com\/index.php?rest_route=\/wp\/v2\/pages\/5"}],"collection":[{"href":"https:\/\/jillcobrien.com\/index.php?rest_route=\/wp\/v2\/pages"}],"about":[{"href":"https:\/\/jillcobrien.com\/index.php?rest_route=\/wp\/v2\/types\/page"}],"author":[{"embeddable":true,"href":"https:\/\/jillcobrien.com\/index.php?rest_route=\/wp\/v2\/users\/3"}],"replies":[{"embeddable":true,"href":"https:\/\/jillcobrien.com\/index.php?rest_route=%2Fwp%2Fv2%2Fcomments&post=5"}],"version-history":[{"count":47,"href":"https:\/\/jillcobrien.com\/index.php?rest_route=\/wp\/v2\/pages\/5\/revisions"}],"predecessor-version":[{"id":1170,"href":"https:\/\/jillcobrien.com\/index.php?rest_route=\/wp\/v2\/pages\/5\/revisions\/1170"}],"wp:attachment":[{"href":"https:\/\/jillcobrien.com\/index.php?rest_route=%2Fwp%2Fv2%2Fmedia&parent=5"}],"curies":[{"name":"wp","href":"https:\/\/api.w.org\/{rel}","templated":true}]}}